{"id":156,"date":"2023-10-30T13:07:31","date_gmt":"2023-10-30T13:07:31","guid":{"rendered":"https:\/\/tradetax.az\/?page_id=156"},"modified":"2023-11-02T10:43:47","modified_gmt":"2023-11-02T10:43:47","slug":"services","status":"publish","type":"page","link":"https:\/\/tradetax.az\/index.php\/services\/","title":{"rendered":"Xidm\u0259tl\u0259r"},"content":{"rendered":"\t\t<div data-elementor-type=\"wp-page\" data-elementor-id=\"156\" class=\"elementor elementor-156\" data-elementor-post-type=\"page\">\n\t\t\t\t<div class=\"elementor-element elementor-element-7fb1462 e-con-full e-flex e-con e-parent\" data-id=\"7fb1462\" data-element_type=\"container\">\n\t\t\t\t<div class=\"elementor-element elementor-element-3031091 elementor-widget__width-inherit elementor-widget elementor-widget-accordion\" data-id=\"3031091\" data-element_type=\"widget\" data-widget_type=\"accordion.default\">\n\t\t\t\t<div class=\"elementor-widget-container\">\n\t\t\t\t\t\t\t<div class=\"elementor-accordion\">\n\t\t\t\t\t\t\t<div class=\"elementor-accordion-item\">\n\t\t\t\t\t<div id=\"elementor-tab-title-5051\" class=\"elementor-tab-title\" data-tab=\"1\" role=\"button\" aria-controls=\"elementor-tab-content-5051\" aria-expanded=\"false\">\n\t\t\t\t\t\t\t\t\t\t\t\t\t<span class=\"elementor-accordion-icon elementor-accordion-icon-left\" aria-hidden=\"true\">\n\t\t\t\t\t\t\t\t\t\t\t\t\t\t\t<span class=\"elementor-accordion-icon-closed\"><svg class=\"e-font-icon-svg e-fas-plus\" viewBox=\"0 0 448 512\" xmlns=\"http:\/\/www.w3.org\/2000\/svg\"><path d=\"M416 208H272V64c0-17.67-14.33-32-32-32h-32c-17.67 0-32 14.33-32 32v144H32c-17.67 0-32 14.33-32 32v32c0 17.67 14.33 32 32 32h144v144c0 17.67 14.33 32 32 32h32c17.67 0 32-14.33 32-32V304h144c17.67 0 32-14.33 32-32v-32c0-17.67-14.33-32-32-32z\"><\/path><\/svg><\/span>\n\t\t\t\t\t\t\t\t<span class=\"elementor-accordion-icon-opened\"><svg class=\"e-font-icon-svg e-fas-minus\" viewBox=\"0 0 448 512\" xmlns=\"http:\/\/www.w3.org\/2000\/svg\"><path d=\"M416 208H32c-17.67 0-32 14.33-32 32v32c0 17.67 14.33 32 32 32h384c17.67 0 32-14.33 32-32v-32c0-17.67-14.33-32-32-32z\"><\/path><\/svg><\/span>\n\t\t\t\t\t\t\t\t\t\t\t\t\t\t<\/span>\n\t\t\t\t\t\t\t\t\t\t\t\t<a class=\"elementor-accordion-title\" tabindex=\"0\">Vergi<\/a>\n\t\t\t\t\t<\/div>\n\t\t\t\t\t<div id=\"elementor-tab-content-5051\" class=\"elementor-tab-content elementor-clearfix\" data-tab=\"1\" role=\"region\" aria-labelledby=\"elementor-tab-title-5051\"><p>D\u00f6vl\u0259t maraqlar\u0131na xidm\u0259t ed\u0259n orqanlara m\u00fc\u0259ssis\u0259l\u0259r t\u0259r\u0259find\u0259n t\u0259qdim edilm\u0259li olan hesabatlar m\u00f6vcuddur. Bu hesabatlar ayl\u0131q, r\u00fcbl\u00fck, illik olaraq m\u00fct\u0259madi d\u00f6vrl\u0259ri \u0259hat\u0259 etm\u0259kd\u0259dir. Eyni zamanda bu hesabatlar\u0131n uy\u011fun orqanlara t\u0259qdim edilm\u0259si il\u0259 birlikd\u0259 yaranabil\u0259c\u0259k \u00f6hd\u0259lik v\u0259 v\u0259zif\u0259l\u0259r d\u0259 vard\u0131r. M\u00fc\u0259ssis\u0259 n\u0259zdind\u0259 bu t\u0259rz f\u0259aliyy\u0259tl\u0259rin h\u0259yata ke\u00e7irilm\u0259si m\u00fc\u0259yy\u0259n x\u0259rc t\u0259l\u0259b edir. Dig\u0259r t\u0259r\u0259fd\u0259n m\u00fcasir biznes strategiyalar\u0131nda sadalananlar \u00fc\u00e7\u00fcn pe\u015f\u0259kar xidm\u0259t t\u0259klif ed\u0259n t\u0259\u015fkilatlar diqq\u0259t \u00e7\u0259km\u0259kd\u0259dir. Trade Tax Olaraq siz\u0259 t\u0259klif etdiyimiz xidm\u0259tl\u0259r:<\/p><ul><li>\u018fDV, \u00d6MV, M\u0259nf\u0259\u0259t v\u0259 G\u0259lir vergisi b\u0259yannam\u0259l\u0259ri, Sad\u0259l\u0259\u015fdirilmi\u015f vergi b\u0259yannam\u0259si\u00a0 v\u0259 dig\u0259r vergi orqanlar\u0131na t\u0259qdim edilm\u0259li olan hesabatlar\u0131n, b\u0259yannam\u0259l\u0259rin haz\u0131rlanmas\u0131, t\u0259qdim edilm\u0259si<\/li><li>D\u00f6vl\u0259t Statistika Komit\u0259si, \u018f\u018fSMN v\u0259 dig\u0259r d\u00f6vl\u0259t maraqlar\u0131na xidm\u0259t ed\u0259n orqanlara t\u0259qdim edilm\u0259li olan hesabatlar\u0131n haz\u0131rlanmas\u0131, t\u0259qdim edilm\u0259si<\/li><li>M\u00fc\u0259ssis\u0259l\u0259raras\u0131 m\u00fcqavil\u0259l\u0259rin haz\u0131rlanmas\u0131<\/li><li>Obyektin r\u0259smi qeytiyyat\u0131, obyekt kodunun al\u0131nmas\u0131, m\u00fc\u0259ssis\u0259y\u0259 aid bank hesablar\u0131n\u0131n a\u00e7\u0131lmas\u0131<\/li><li>\u0130dxal m\u0259s\u0259l\u0259l\u0259rinin izl\u0259nm\u0259si<\/li><li>G\u00f6mr\u00fck kodunun al\u0131nmas\u0131<\/li><li>\u00d6lk\u0259daxili v\u0259 \u00f6lk\u0259xarici bank \u00f6d\u0259ni\u015fl\u0259rinin h\u0259yata ke\u00e7irilm\u0259si<\/li><li>Elektron qaim\u0259l\u0259rin haz\u0131rlanmas\u0131<\/li><li><span class=\"OYPEnA text-decoration-none text-strikethrough-none\">\u0130\u015f\u00e7il\u0259rl\u0259 r\u0259smi m\u00fcqavil\u0259l\u0259rin ba\u011flanmas\u0131, qeydiyyata al\u0131nma, xitam \u0259mrl\u0259rinin yerin\u0259 yetirilm\u0259si, \u0259m\u0259k haqq\u0131 kartlar\u0131n\u0131n sifari\u015fi, \u0259m\u0259k haqq\u0131, m\u0259zuniyy\u0259t, ezamiyy\u0259t \u00f6d\u0259ni\u015fl\u0259rinin icras\u0131, \u0259m\u0259k m\u00fcqavil\u0259l\u0259ri v\u0259 xidm\u0259ti m\u00fcqavil\u0259l\u0259rin haz\u0131rlanmas\u0131<\/span><\/li><\/ul><\/div>\n\t\t\t\t<\/div>\n\t\t\t\t\t\t\t\t<\/div>\n\t\t\t\t\t\t<\/div>\n\t\t\t\t<\/div>\n\t\t\t\t<\/div>\n\t\t\t\t<\/div>\n\t\t","protected":false},"excerpt":{"rendered":"<p>Vergi D\u00f6vl\u0259t maraqlar\u0131na xidm\u0259t ed\u0259n orqanlara m\u00fc\u0259ssis\u0259l\u0259r t\u0259r\u0259find\u0259n t\u0259qdim edilm\u0259li olan hesabatlar m\u00f6vcuddur. Bu hesabatlar ayl\u0131q, r\u00fcbl\u00fck, illik olaraq m\u00fct\u0259madi d\u00f6vrl\u0259ri \u0259hat\u0259 etm\u0259kd\u0259dir. Eyni zamanda bu hesabatlar\u0131n uy\u011fun orqanlara t\u0259qdim edilm\u0259si il\u0259 birlikd\u0259 yaranabil\u0259c\u0259k \u00f6hd\u0259lik v\u0259 v\u0259zif\u0259l\u0259r d\u0259 vard\u0131r. M\u00fc\u0259ssis\u0259 n\u0259zdind\u0259 bu t\u0259rz f\u0259aliyy\u0259tl\u0259rin h\u0259yata ke\u00e7irilm\u0259si m\u00fc\u0259yy\u0259n x\u0259rc t\u0259l\u0259b edir. Dig\u0259r t\u0259r\u0259fd\u0259n m\u00fcasir biznes strategiyalar\u0131nda [&hellip;]<\/p>\n","protected":false},"author":1,"featured_media":0,"parent":0,"menu_order":0,"comment_status":"closed","ping_status":"closed","template":"","meta":{"_joinchat":[],"footnotes":""},"class_list":["post-156","page","type-page","status-publish","hentry"],"_links":{"self":[{"href":"https:\/\/tradetax.az\/index.php\/wp-json\/wp\/v2\/pages\/156","targetHints":{"allow":["GET"]}}],"collection":[{"href":"https:\/\/tradetax.az\/index.php\/wp-json\/wp\/v2\/pages"}],"about":[{"href":"https:\/\/tradetax.az\/index.php\/wp-json\/wp\/v2\/types\/page"}],"author":[{"embeddable":true,"href":"https:\/\/tradetax.az\/index.php\/wp-json\/wp\/v2\/users\/1"}],"replies":[{"embeddable":true,"href":"https:\/\/tradetax.az\/index.php\/wp-json\/wp\/v2\/comments?post=156"}],"version-history":[{"count":35,"href":"https:\/\/tradetax.az\/index.php\/wp-json\/wp\/v2\/pages\/156\/revisions"}],"predecessor-version":[{"id":269,"href":"https:\/\/tradetax.az\/index.php\/wp-json\/wp\/v2\/pages\/156\/revisions\/269"}],"wp:attachment":[{"href":"https:\/\/tradetax.az\/index.php\/wp-json\/wp\/v2\/media?parent=156"}],"curies":[{"name":"wp","href":"https:\/\/api.w.org\/{rel}","templated":true}]}}