{"id":2,"date":"2023-10-26T12:29:25","date_gmt":"2023-10-26T12:29:25","guid":{"rendered":"https:\/\/tradetax.az\/?page_id=2"},"modified":"2023-10-31T12:05:49","modified_gmt":"2023-10-31T12:05:49","slug":"sample-page","status":"publish","type":"page","link":"https:\/\/tradetax.az\/index.php\/sample-page\/","title":{"rendered":"Haqq\u0131m\u0131zda"},"content":{"rendered":"\n<p><strong>\u015eirk\u0259timiz Haqq\u0131nda<\/strong><\/p>\n\n\n\n<p>\u015eirk\u0259timiz 2019-cu ild\u0259 qurulmu\u015f, Vergi v\u0259 M\u00fchasibatl\u0131q xidm\u0259tl\u0259ri t\u0259klif ed\u0259n t\u0259\u015fkilatd\u0131r. Missiyam\u0131z, m\u00fc\u015ft\u0259ril\u0259rimizin vergi v\u0259 m\u00fchasibatl\u0131qla ba\u011fl\u0131 sor\u011fusunu effektiv bir \u015f\u0259kild\u0259 h\u0259ll etm\u0259kdir. B\u00fct\u00fcn bu \u0259m\u0259liyyatlar\u0131 yerin\u0259 yetir\u0259rk\u0259n pe\u015f\u0259karl\u0131q, d\u0259y\u0259r v\u0259 m\u00fc\u015ft\u0259ri m\u0259mnuniyy\u0259ti prinsipl\u0259rini \u0259sas al\u0131r\u0131q.<\/p>\n\n\n\n<blockquote class=\"wp-block-quote is-layout-flow wp-block-quote-is-layout-flow\">\n<p>Komanda<\/p>\n\n\n\n<p>\u015eirk\u0259timiz n\u0259zdind\u0259 m\u00fchasibat v\u0259 vergi sah\u0259sind\u0259 t\u0259cr\u00fcb\u0259li bir komanda \u00e7al\u0131\u015fmaqdad\u0131r. H\u0259r bir \u00fczv\u00fcm\u00fcz f\u0259aliyy\u0259ti sah\u0259sind\u0259 t\u0259cr\u00fcb\u0259li v\u0259 pe\u015f\u0259kard\u0131r. Komandam\u0131z, m\u00fc\u015ft\u0259ril\u0259rimizin n\u0259aliyy\u0259tl\u0259rini t\u0259min etm\u0259kd\u0259, onlar\u0131n vergi v\u0259 maliyy\u0259 t\u0259l\u0259bl\u0259rini effektiv \u015f\u0259kild\u0259 idar\u0259 etm\u0259kl\u0259 bu yolda onlara d\u0259st\u0259k olma\u011f\u0131 h\u0259d\u0259f m\u00fc\u0259yy\u0259nl\u0259\u015fdirm\u0259kd\u0259dir.<\/p>\n\n\n\n<p><\/p>\n<\/blockquote>\n\n\n\n<blockquote class=\"wp-block-quote is-layout-flow wp-block-quote-is-layout-flow\">\n<p><strong>Xidm\u0259tl\u0259rimiz<\/strong><\/p>\n\n\n\n<p>\u015eirk\u0259timiz m\u00fc\u015ft\u0259ril\u0259rimiz\u0259 ayl\u0131q, r\u00fcbl\u00fck v\u0259 illik olaraq vergi orqanlar\u0131na t\u0259qdim edilm\u0259li olan hesabatlar\u0131n d\u0259qiqlikl\u0259 formala\u015fd\u0131r\u0131lmas\u0131nda, i\u015f\u00e7il\u0259rl\u0259 r\u0259smi m\u00fcqavil\u0259l\u0259rin ba\u011flanmas\u0131, qeydiyyata al\u0131nma, xitam \u0259mrl\u0259rinin yerin\u0259 yetirilm\u0259si, \u0259m\u0259k haqq\u0131, m\u0259zuniyy\u0259t, ezamiyy\u0259t \u00f6d\u0259ni\u015fl\u0259rinin icras\u0131, \u0259m\u0259k m\u00fcqavil\u0259l\u0259ri v\u0259 xidm\u0259ti m\u00fcqavil\u0259l\u0259rin haz\u0131rlanmas\u0131nda, bank \u00f6d\u0259ni\u015fl\u0259rinin icras\u0131, elektron qaim\u0259l\u0259rin g\u00f6nd\u0259rilm\u0259si, r\u0259smi s\u0259n\u0259dl\u0259rin haz\u0131rlanmas\u0131, vergi v\u0259 g\u00f6mr\u00fck \u00f6d\u0259ni\u015fl\u0259rinin apar\u0131lmas\u0131 kimi bir \u00e7ox m\u0259sl\u0259d\u0259 pe\u015f\u0259kar d\u0259st\u0259k t\u0259qdim edir.<\/p>\n<\/blockquote>\n\n\n\n<p><strong>T\u0259cr\u00fcb\u0259<\/strong><\/p>\n\n\n\n<p>\u015eirk\u0259timiz 2019-cu ild\u0259n etibar\u0259n f\u0259alliy\u0259t g\u00f6st\u0259rdiyi b\u00fct\u00fcn bu ill\u0259r \u0259rzind\u0259, \u00f6z sah\u0259sind\u0259 \u0259ld\u0259 etdiyi pe\u015f\u0259karl\u0131q v\u0259 n\u0259aliyy\u0259tl\u0259rl\u0259 yana\u015f\u0131 olaraq eyni zamanda g\u00f6st\u0259rdiyi xidm\u0259t keyfiyy\u0259ti il\u0259 d\u0259 sektorun \u0259n qabaqc\u0131llar\u0131ndan biri olmaq yolunda ir\u0259lil\u0259m\u0259kd\u0259, biznesinizin inki\u015faf\u0131 \u00fc\u00e7\u00fcn t\u0259k \u00fcnvan \u015f\u00fcar\u0131 il\u0259 bu yolda davam etm\u0259kd\u0259dir.<\/p>\n","protected":false},"excerpt":{"rendered":"<p>\u015eirk\u0259timiz Haqq\u0131nda \u015eirk\u0259timiz 2019-cu ild\u0259 qurulmu\u015f, Vergi v\u0259 M\u00fchasibatl\u0131q xidm\u0259tl\u0259ri t\u0259klif ed\u0259n t\u0259\u015fkilatd\u0131r. Missiyam\u0131z, m\u00fc\u015ft\u0259ril\u0259rimizin vergi v\u0259 m\u00fchasibatl\u0131qla ba\u011fl\u0131 sor\u011fusunu effektiv bir \u015f\u0259kild\u0259 h\u0259ll etm\u0259kdir. B\u00fct\u00fcn bu \u0259m\u0259liyyatlar\u0131 yerin\u0259 yetir\u0259rk\u0259n pe\u015f\u0259karl\u0131q, d\u0259y\u0259r v\u0259 m\u00fc\u015ft\u0259ri m\u0259mnuniyy\u0259ti prinsipl\u0259rini \u0259sas al\u0131r\u0131q. Komanda \u015eirk\u0259timiz n\u0259zdind\u0259 m\u00fchasibat v\u0259 vergi sah\u0259sind\u0259 t\u0259cr\u00fcb\u0259li bir komanda \u00e7al\u0131\u015fmaqdad\u0131r. H\u0259r bir \u00fczv\u00fcm\u00fcz f\u0259aliyy\u0259ti sah\u0259sind\u0259 t\u0259cr\u00fcb\u0259li [&hellip;]<\/p>\n","protected":false},"author":1,"featured_media":0,"parent":0,"menu_order":0,"comment_status":"closed","ping_status":"open","template":"","meta":{"_joinchat":[],"footnotes":""},"class_list":["post-2","page","type-page","status-publish","hentry"],"_links":{"self":[{"href":"https:\/\/tradetax.az\/index.php\/wp-json\/wp\/v2\/pages\/2","targetHints":{"allow":["GET"]}}],"collection":[{"href":"https:\/\/tradetax.az\/index.php\/wp-json\/wp\/v2\/pages"}],"about":[{"href":"https:\/\/tradetax.az\/index.php\/wp-json\/wp\/v2\/types\/page"}],"author":[{"embeddable":true,"href":"https:\/\/tradetax.az\/index.php\/wp-json\/wp\/v2\/users\/1"}],"replies":[{"embeddable":true,"href":"https:\/\/tradetax.az\/index.php\/wp-json\/wp\/v2\/comments?post=2"}],"version-history":[{"count":8,"href":"https:\/\/tradetax.az\/index.php\/wp-json\/wp\/v2\/pages\/2\/revisions"}],"predecessor-version":[{"id":205,"href":"https:\/\/tradetax.az\/index.php\/wp-json\/wp\/v2\/pages\/2\/revisions\/205"}],"wp:attachment":[{"href":"https:\/\/tradetax.az\/index.php\/wp-json\/wp\/v2\/media?parent=2"}],"curies":[{"name":"wp","href":"https:\/\/api.w.org\/{rel}","templated":true}]}}